{"id":15,"date":"2025-03-21T10:38:40","date_gmt":"2025-03-21T09:38:40","guid":{"rendered":"https:\/\/ohcestbeau.eu\/?page_id=15"},"modified":"2025-03-21T11:18:46","modified_gmt":"2025-03-21T10:18:46","slug":"aleatoires","status":"publish","type":"page","link":"https:\/\/ohcestbeau.eu\/?page_id=15","title":{"rendered":"Oh c&#8217;est beau !"},"content":{"rendered":"\n<div class=\"wp-block-group\"><div class=\"wp-block-group__inner-container is-layout-constrained wp-block-group-is-layout-constrained\">\n<div class=\"wp-block-columns is-layout-flex wp-container-core-columns-is-layout-9d6595d7 wp-block-columns-is-layout-flex\">\n<div class=\"wp-block-column is-layout-flow wp-block-column-is-layout-flow\" style=\"flex-basis:100%\">\n<p>Que ce soit dans la rue, un mus\u00e9e, un ch\u00e2teau ou une exposition, nous, urbansketchers, nous installons sur notre tabouret, carnet et crayons en main, et nous dessinons ce que nous voyons, en direct.<\/p>\n\n\n\n<p>Et forc\u00e9ment, \u00e7a intrigue les passants !<\/p>\n\n\n<figure class=\"wp-block-image\"><img decoding=\"async\" class=\"hot-random-image\" style=\"width:100%; height:auto;\" src=\"https:\/\/ohcestbeau.eu\/wp-content\/images\/contributions\/ref30.png\" alt=\"\" \/><\/figure>\n\n\n<p>Dr\u00f4les, touchants, r\u00e9p\u00e9titifs ou carr\u00e9ment insolites, ces \u00e9changes font partie int\u00e9grante du plaisir du dessin sur le vif !<\/p>\n<\/div>\n<\/div>\n<\/div><\/div>\n\n\n\n<p><\/p>\n","protected":false},"excerpt":{"rendered":"<p>Que ce soit dans la rue, un mus\u00e9e, un ch\u00e2teau ou une exposition, nous, urbansketchers, nous installons sur notre tabouret, carnet et crayons en main, et nous dessinons ce que nous voyons, en direct. Et forc\u00e9ment, \u00e7a intrigue les passants ! Dr\u00f4les, touchants, r\u00e9p\u00e9titifs ou carr\u00e9ment insolites, ces \u00e9changes font partie int\u00e9grante du plaisir du [&hellip;]<\/p>\n","protected":false},"author":1,"featured_media":0,"parent":0,"menu_order":0,"comment_status":"closed","ping_status":"closed","template":"templates\/template-full-width.php","meta":{"footnotes":""},"class_list":["post-15","page","type-page","status-publish","hentry"],"_links":{"self":[{"href":"https:\/\/ohcestbeau.eu\/index.php?rest_route=\/wp\/v2\/pages\/15","targetHints":{"allow":["GET"]}}],"collection":[{"href":"https:\/\/ohcestbeau.eu\/index.php?rest_route=\/wp\/v2\/pages"}],"about":[{"href":"https:\/\/ohcestbeau.eu\/index.php?rest_route=\/wp\/v2\/types\/page"}],"author":[{"embeddable":true,"href":"https:\/\/ohcestbeau.eu\/index.php?rest_route=\/wp\/v2\/users\/1"}],"replies":[{"embeddable":true,"href":"https:\/\/ohcestbeau.eu\/index.php?rest_route=%2Fwp%2Fv2%2Fcomments&post=15"}],"version-history":[{"count":9,"href":"https:\/\/ohcestbeau.eu\/index.php?rest_route=\/wp\/v2\/pages\/15\/revisions"}],"predecessor-version":[{"id":29,"href":"https:\/\/ohcestbeau.eu\/index.php?rest_route=\/wp\/v2\/pages\/15\/revisions\/29"}],"wp:attachment":[{"href":"https:\/\/ohcestbeau.eu\/index.php?rest_route=%2Fwp%2Fv2%2Fmedia&parent=15"}],"curies":[{"name":"wp","href":"https:\/\/api.w.org\/{rel}","templated":true}]}}